{"id":35399,"date":"2015-07-03T10:04:55","date_gmt":"2015-07-03T08:04:55","guid":{"rendered":"https:\/\/hno-arzt.at\/?page_id=35399"},"modified":"2025-10-29T14:08:19","modified_gmt":"2025-10-29T13:08:19","slug":"startseite","status":"publish","type":"page","link":"https:\/\/hno-arzt.at\/","title":{"rendered":"Startseite"},"content":{"rendered":"<p>[vc_row][vc_column el_class=&#8220;sss&#8220;][vc_column_text]<\/p>\n<h2 style=\"text-align: center;\">Dr. Eva Stadler-Woller<\/h2>\n<h4 style=\"text-align: center;\">Fach\u00e4rztin f\u00fcr HNO-Heilkunde &#8211; Ober\u00e4rztin im Donauspital<\/h4>\n<h3 style=\"text-align: center;\">Privat und KFA<\/h3>\n<h2 style=\"text-align: center;\">Gesundheitszentrum Seestadt<\/h2>\n<p>&nbsp;<\/p>\n<hr \/>\n<p><span style=\"color: #333333;\"><strong>Wir ersuchen Sie , wenn Sie Symptome haben eine FFP2 Maske zu tragen, um andere Patienten zu sch\u00fctzen.<\/strong><\/span><\/p>\n<p><span style=\"color: #ff0000;\"><strong>Neuerung: Alle Patienten unbedingt Ecard mitnehmen<\/strong><\/span>[\/vc_column_text][vc_empty_space][\/vc_column][\/vc_row][vc_row][vc_column width=&#8220;1\/3&#8243;][vc_empty_space height=&#8220;20px&#8220;][vc_empty_space height=&#8220;20px&#8220;][vc_column_text]<strong>Ich nehme mir Zeit f\u00fcr Sie!<\/strong><\/p>\n<p>Ich war\u00a0 30\u00a0 Jahren als Ober\u00e4rtzin im Donauspital t\u00e4tig, mein Spezialgebiet ist die <span style=\"color: #ff0000;\"><strong>Nasenchirurgie<\/strong><\/span> (Nasenscheidwandoperationen und Nasennnebenh\u00f6hlenoperationen) , <strong><span style=\"color: #ff0000;\">Ohranlegeplastiken<\/span> <\/strong>und Schnarchdiagnostik und operative Therapien, weiters <strong><span style=\"color: #ff0000;\">Operationen bei Kindern<\/span><\/strong>. Ich kann Sie pers\u00f6nlich im<span style=\"color: #ff0000;\">\u00a0<strong>Goldenen Kreuz<\/strong><\/span> operieren.<\/p>\n<p>Weiters sehe ich meine St\u00e4rke in der Verkn\u00fcpfung von <strong>Schulmedizin, HNO-Chirurgie<\/strong><br \/>\nmit <strong>Naturheilkunde und komplement\u00e4r-medizinischen Methoden<\/strong>.[\/vc_column_text][vc_empty_space height=&#8220;20px&#8220;][\/vc_column][vc_column width=&#8220;2\/3&#8243;][vc_single_image image=&#8220;35851&#8243; img_size=&#8220;720&#215;480&#8243; css_animation=&#8220;fadeIn&#8220; image_hovers=&#8220;false&#8220;][vc_empty_space height=&#8220;20px&#8220;][\/vc_column][\/vc_row][vc_row][vc_column][vc_empty_space height=&#8220;20px&#8220;][\/vc_column][\/vc_row][vc_row][vc_column][vc_column_text]In meiner langj\u00e4hrigen Erfahrung habe ich erfahren, dass sehr oft durch <strong>Operationen und schulmedizinische Therapien<\/strong> Heilung von Erkrankungen und Verbesserung der Lebensqualit\u00e4t m\u00f6glich ist.<\/p>\n<p>Mir liegen besonders die <strong>Kinder <\/strong>am Herzen, um fr\u00fchzeitig zu verhindern, dass eine <strong>chronische-HNO Patientenkarriere<\/strong> entsteht.[\/vc_column_text][\/vc_column][\/vc_row][vc_row][vc_column][vc_empty_space][\/vc_column][\/vc_row][vc_row][vc_column][vc_column_text]\u00dcber Ausbildungen in Akupunktur, Neuraltherapie und Orthomolekularmedizin habe ich in den letzten Jahren meinen Weg zur <strong>traditionellen chinesischen Medizin mit Kombination von Akupunktur (auch schmerzlos mit Laser) mit westlichen Kr\u00e4utern <\/strong>gefunden. Diese einregulierenden Methoden f\u00fchren sehr oft zu einer deutlichen Verbesserung der Beschwerden und zur Lebensqualit\u00e4tssteigerung.<\/p>\n<p>Ein <strong>ausf\u00fchrliches pers\u00f6nliches Gespr\u00e4ch<\/strong> und <strong>genaue Untersuchung mit moderner Technik<\/strong> ist Grundvorraussetzung zur exakten Diagnosestellung und Einleitung einer erfolgreichen Therapie.<\/p>\n<p>Gerade f\u00fcr die Einleitung einer <strong>TCM Therapie<\/strong> ist es f\u00fcr mich von gro\u00dfem Vorteil, dass ich die gesamte Schleimhaut vorher begutachten kann.<\/p>\n<p>[\/vc_column_text][\/vc_column][\/vc_row][vc_row][vc_column][vc_empty_space][\/vc_column][vc_column][\/vc_column][\/vc_row][vc_row][vc_column width=&#8220;1\/6&#8243;][\/vc_column][vc_column width=&#8220;2\/3&#8243;][vc_column_text]<a href=\"http:\/\/www.naet-europe.com\/content\/Germany\/index.php\" target=\"_blank\" rel=\"noopener\"><style type=\"text\/css\" data-type=\"the7_shortcodes-inline-css\">.shortcode-single-image-wrap.shortcode-single-image-15f7c6661db726bce35e4c55738700a5.enable-bg-rollover .rollover i,\n.shortcode-single-image-wrap.shortcode-single-image-15f7c6661db726bce35e4c55738700a5.enable-bg-rollover .rollover-video i {\n  background: -webkit-linear-gradient();\n  background: linear-gradient();\n}\n.shortcode-single-image-wrap.shortcode-single-image-15f7c6661db726bce35e4c55738700a5 .rollover-icon {\n  font-size: 32px;\n  color: #ffffff;\n  min-width: 44px;\n  min-height: 44px;\n  line-height: 44px;\n  border-radius: 100px;\n  border-style: solid;\n  border-width: 0px;\n}\n.dt-icon-bg-on.shortcode-single-image-wrap.shortcode-single-image-15f7c6661db726bce35e4c55738700a5 .rollover-icon {\n  background: rgba(255,255,255,0.3);\n  box-shadow: none;\n}\n<\/style><div class=\"shortcode-single-image-wrap shortcode-single-image-15f7c6661db726bce35e4c55738700a5 alignleft fadeInLeft animate-element  enable-bg-rollover dt-icon-bg-off\" style=\"margin-top:7px; margin-bottom:10px; margin-left:0px; margin-right:25px; width:93px;\"><div class=\"shortcode-single-image\"><div class=\"fancy-media-wrap  layzr-bg\" style=\"\"><img class=\"preload-me lazy-load\" src=\"data:image\/svg+xml,%3Csvg%20xmlns%3D&#39;http%3A%2F%2Fwww.w3.org%2F2000%2Fsvg&#39;%20viewBox%3D&#39;0%200%2093%2081&#39;%2F%3E\" data-src=\"https:\/\/hno-arzt.at\/wp-content\/uploads\/2015\/07\/naet_logo_europe_klein-93x81.jpg\" data-srcset=\"https:\/\/hno-arzt.at\/wp-content\/uploads\/2015\/07\/naet_logo_europe_klein-93x81.jpg 93w, https:\/\/hno-arzt.at\/wp-content\/uploads\/2015\/07\/naet_logo_europe_klein.jpg 106w\" width=\"93\" height=\"81\"  data-dt-location=\"https:\/\/hno-arzt.at\/index.php\/startseite\/naet_logo_europe_klein\/\" style=\"\" alt=\"\" \/><\/div><\/div><\/div><\/a><br \/>\nAusbildung zur NAET Therapeutin durch die NAET Gesellschaft EUROPE[\/vc_column_text][\/vc_column][vc_column width=&#8220;1\/6&#8243;][\/vc_column][\/vc_row]<\/p>\n","protected":false},"excerpt":{"rendered":"<p>[vc_row][vc_column el_class=&#8220;sss&#8220;][vc_column_text] Dr. Eva Stadler-Woller Fach\u00e4rztin f\u00fcr HNO-Heilkunde &#8211; Ober\u00e4rztin im Donauspital Privat und KFA Gesundheitszentrum Seestadt &nbsp; Wir ersuchen Sie , wenn Sie Symptome haben eine FFP2 Maske zu tragen, um andere Patienten zu sch\u00fctzen. Neuerung: Alle Patienten unbedingt Ecard mitnehmen[\/vc_column_text][vc_empty_space][\/vc_column][\/vc_row][vc_row][vc_column width=&#8220;1\/3&#8243;][vc_empty_space height=&#8220;20px&#8220;][vc_empty_space height=&#8220;20px&#8220;][vc_column_text]Ich nehme mir Zeit f\u00fcr Sie! Ich war\u00a0 30\u00a0 Jahren als&hellip;<\/p>\n","protected":false},"author":1,"featured_media":0,"parent":0,"menu_order":0,"comment_status":"closed","ping_status":"closed","template":"","meta":[],"_links":{"self":[{"href":"https:\/\/hno-arzt.at\/index.php\/wp-json\/wp\/v2\/pages\/35399"}],"collection":[{"href":"https:\/\/hno-arzt.at\/index.php\/wp-json\/wp\/v2\/pages"}],"about":[{"href":"https:\/\/hno-arzt.at\/index.php\/wp-json\/wp\/v2\/types\/page"}],"author":[{"embeddable":true,"href":"https:\/\/hno-arzt.at\/index.php\/wp-json\/wp\/v2\/users\/1"}],"replies":[{"embeddable":true,"href":"https:\/\/hno-arzt.at\/index.php\/wp-json\/wp\/v2\/comments?post=35399"}],"version-history":[{"count":56,"href":"https:\/\/hno-arzt.at\/index.php\/wp-json\/wp\/v2\/pages\/35399\/revisions"}],"predecessor-version":[{"id":36290,"href":"https:\/\/hno-arzt.at\/index.php\/wp-json\/wp\/v2\/pages\/35399\/revisions\/36290"}],"wp:attachment":[{"href":"https:\/\/hno-arzt.at\/index.php\/wp-json\/wp\/v2\/media?parent=35399"}],"curies":[{"name":"wp","href":"https:\/\/api.w.org\/{rel}","templated":true}]}}