{"id":35438,"date":"2015-07-14T11:34:29","date_gmt":"2015-07-14T09:34:29","guid":{"rendered":"https:\/\/hno-arzt.at\/?page_id=35438"},"modified":"2015-10-07T11:21:51","modified_gmt":"2015-10-07T09:21:51","slug":"husten","status":"publish","type":"page","link":"https:\/\/hno-arzt.at\/index.php\/hno\/symptome\/husten\/","title":{"rendered":"Husten"},"content":{"rendered":"<p>[vc_row margin_top=&#8220;0&#8243; margin_bottom=&#8220;0&#8243; full_width=&#8220;&#8220; padding_left=&#8220;0&#8243; padding_right=&#8220;0&#8243; animation=&#8220;&#8220; type=&#8220;&#8220; bg_color=&#8220;&#8220; bg_position=&#8220;top&#8220; bg_repeat=&#8220;no-repeat&#8220; bg_cover=&#8220;false&#8220; bg_attachment=&#8220;false&#8220; padding_top=&#8220;0&#8243; padding_bottom=&#8220;0&#8243; enable_parallax=&#8220;&#8220; parallax_speed=&#8220;0.1&#8243; bg_video_src_mp4=&#8220;&#8220; bg_video_src_ogv=&#8220;&#8220; bg_video_src_webm=&#8220;&#8220; bg_type=&#8220;&#8220; parallax_style=&#8220;&#8220; bg_image_new=&#8220;&#8220; layer_image=&#8220;&#8220; bg_image_repeat=&#8220;&#8220; bg_image_size=&#8220;&#8220; bg_cstm_size=&#8220;&#8220; bg_img_attach=&#8220;&#8220; parallax_sense=&#8220;&#8220; bg_image_posiiton=&#8220;&#8220; animation_direction=&#8220;&#8220; animation_repeat=&#8220;&#8220; video_url=&#8220;&#8220; video_url_2=&#8220;&#8220; u_video_url=&#8220;&#8220; video_opts=&#8220;&#8220; video_poster=&#8220;&#8220; u_start_time=&#8220;&#8220; u_stop_time=&#8220;&#8220; viewport_vdo=&#8220;&#8220; enable_controls=&#8220;&#8220; bg_override=&#8220;&#8220; disable_on_mobile_img_parallax=&#8220;&#8220; parallax_content=&#8220;&#8220; parallax_content_sense=&#8220;&#8220; fadeout_row=&#8220;&#8220; fadeout_start_effect=&#8220;&#8220; enable_overlay=&#8220;&#8220; overlay_color=&#8220;&#8220; overlay_pattern=&#8220;&#8220; overlay_pattern_opacity=&#8220;&#8220; overlay_pattern_size=&#8220;&#8220; overlay_pattern_attachment=&#8220;&#8220; multi_color_overlay=&#8220;&#8220; multi_color_overlay_opacity=&#8220;&#8220; seperator_enable=&#8220;&#8220; seperator_type=&#8220;&#8220; seperator_position=&#8220;&#8220; seperator_shape_size=&#8220;&#8220; seperator_svg_height=&#8220;&#8220; seperator_shape_background=&#8220;&#8220; seperator_shape_border=&#8220;&#8220; seperator_shape_border_color=&#8220;&#8220; seperator_shape_border_width=&#8220;&#8220; icon_type=&#8220;&#8220; icon=&#8220;&#8220; icon_size=&#8220;&#8220; icon_color=&#8220;&#8220; icon_style=&#8220;&#8220; icon_color_bg=&#8220;&#8220; icon_border_style=&#8220;&#8220; icon_color_border=&#8220;&#8220; icon_border_size=&#8220;&#8220; icon_border_radius=&#8220;&#8220; icon_border_spacing=&#8220;&#8220; icon_img=&#8220;&#8220; img_width=&#8220;&#8220; ult_hide_row=&#8220;&#8220; ult_hide_row_large_screen=&#8220;&#8220; ult_hide_row_desktop=&#8220;&#8220; ult_hide_row_tablet=&#8220;&#8220; ult_hide_row_tablet_small=&#8220;&#8220; ult_hide_row_mobile=&#8220;&#8220; ult_hide_row_mobile_large=&#8220;&#8220;][vc_column width=&#8220;1\/1&#8243; animation=&#8220;&#8220;][vc_column_text]Husten ist ein unwillk\u00fcrlicher Reflex. Es k\u00f6nnen dadurch kleine eingeatmete Fremdk\u00f6rper oder Sekrete ausgehustet werden. Eine Reizung oder Entz\u00fcndung der Schleimhaut im Rachen, Kehlkopf, Luftr\u00f6hren oder Lunge f\u00fchrt zu Husten.<\/p>\n<p><strong>Kurzanhaltender (akuter) Husten:<\/strong><\/p>\n<p><strong>Ursachen<\/strong><br \/>\nBei Kleinkindern: Fremdk\u00f6rperaspiration \u2013 sofort ins Krankenhaus!<br \/>\nAkute Rachenentz\u00fcndung (Pharyngitis)<br \/>\nAkute Kehlkopfentz\u00fcndung (akute Laryngitis)<\/p>\n<p><strong>Langandauernder (chronischer) Husten:<\/strong><\/p>\n<p><strong>Ursachen<\/strong><br \/>\nChronische Kehlkopfentz\u00fcndung (chronische Laryngitis)<br \/>\nKehlkopfentz\u00fcndung durch Magensaftr\u00fcckfluss (Refluxlaryngitis)<\/p>\n<p>Bei Infektionen im Lungenbereich ist der erste Ansprechpartner der Hausarzt, weiters Fach\u00e4rzte f\u00fcr Innere Medizin sowie Lungenfach\u00e4rzte. Jeder l\u00e4nger als 3-4 Wochen anhaltende Husten sollte bez\u00fcglich Lungenursachen und HNO-Ursachen gr\u00fcndlich untersucht werden.[\/vc_column_text][\/vc_column][\/vc_row]<\/p>\n","protected":false},"excerpt":{"rendered":"<p>[vc_row margin_top=&#8220;0&#8243; margin_bottom=&#8220;0&#8243; full_width=&#8220;&#8220; padding_left=&#8220;0&#8243; padding_right=&#8220;0&#8243; animation=&#8220;&#8220; type=&#8220;&#8220; bg_color=&#8220;&#8220; bg_position=&#8220;top&#8220; bg_repeat=&#8220;no-repeat&#8220; bg_cover=&#8220;false&#8220; bg_attachment=&#8220;false&#8220; padding_top=&#8220;0&#8243; padding_bottom=&#8220;0&#8243; enable_parallax=&#8220;&#8220; parallax_speed=&#8220;0.1&#8243; bg_video_src_mp4=&#8220;&#8220; bg_video_src_ogv=&#8220;&#8220; bg_video_src_webm=&#8220;&#8220; bg_type=&#8220;&#8220; parallax_style=&#8220;&#8220; bg_image_new=&#8220;&#8220; layer_image=&#8220;&#8220; bg_image_repeat=&#8220;&#8220; bg_image_size=&#8220;&#8220; bg_cstm_size=&#8220;&#8220; bg_img_attach=&#8220;&#8220; parallax_sense=&#8220;&#8220; bg_image_posiiton=&#8220;&#8220; animation_direction=&#8220;&#8220; animation_repeat=&#8220;&#8220; video_url=&#8220;&#8220; video_url_2=&#8220;&#8220; u_video_url=&#8220;&#8220; video_opts=&#8220;&#8220; video_poster=&#8220;&#8220; u_start_time=&#8220;&#8220; u_stop_time=&#8220;&#8220; viewport_vdo=&#8220;&#8220; enable_controls=&#8220;&#8220; bg_override=&#8220;&#8220; disable_on_mobile_img_parallax=&#8220;&#8220; parallax_content=&#8220;&#8220; parallax_content_sense=&#8220;&#8220; fadeout_row=&#8220;&#8220; fadeout_start_effect=&#8220;&#8220; enable_overlay=&#8220;&#8220; overlay_color=&#8220;&#8220; overlay_pattern=&#8220;&#8220; overlay_pattern_opacity=&#8220;&#8220; overlay_pattern_size=&#8220;&#8220; overlay_pattern_attachment=&#8220;&#8220; multi_color_overlay=&#8220;&#8220; multi_color_overlay_opacity=&#8220;&#8220;&hellip;<\/p>\n","protected":false},"author":1,"featured_media":0,"parent":35408,"menu_order":0,"comment_status":"closed","ping_status":"closed","template":"","meta":[],"_links":{"self":[{"href":"https:\/\/hno-arzt.at\/index.php\/wp-json\/wp\/v2\/pages\/35438"}],"collection":[{"href":"https:\/\/hno-arzt.at\/index.php\/wp-json\/wp\/v2\/pages"}],"about":[{"href":"https:\/\/hno-arzt.at\/index.php\/wp-json\/wp\/v2\/types\/page"}],"author":[{"embeddable":true,"href":"https:\/\/hno-arzt.at\/index.php\/wp-json\/wp\/v2\/users\/1"}],"replies":[{"embeddable":true,"href":"https:\/\/hno-arzt.at\/index.php\/wp-json\/wp\/v2\/comments?post=35438"}],"version-history":[{"count":5,"href":"https:\/\/hno-arzt.at\/index.php\/wp-json\/wp\/v2\/pages\/35438\/revisions"}],"predecessor-version":[{"id":35548,"href":"https:\/\/hno-arzt.at\/index.php\/wp-json\/wp\/v2\/pages\/35438\/revisions\/35548"}],"up":[{"embeddable":true,"href":"https:\/\/hno-arzt.at\/index.php\/wp-json\/wp\/v2\/pages\/35408"}],"wp:attachment":[{"href":"https:\/\/hno-arzt.at\/index.php\/wp-json\/wp\/v2\/media?parent=35438"}],"curies":[{"name":"wp","href":"https:\/\/api.w.org\/{rel}","templated":true}]}}