{"id":35467,"date":"2015-07-14T14:16:59","date_gmt":"2015-07-14T12:16:59","guid":{"rendered":"https:\/\/hno-arzt.at\/?page_id=35467"},"modified":"2015-10-07T11:25:58","modified_gmt":"2015-10-07T09:25:58","slug":"erwachsene","status":"publish","type":"page","link":"https:\/\/hno-arzt.at\/index.php\/hno\/untersuchungen\/erwachsene\/","title":{"rendered":"Erwachsene"},"content":{"rendered":"<p>[vc_row margin_top=&#8220;0&#8243; margin_bottom=&#8220;0&#8243; full_width=&#8220;&#8220; padding_left=&#8220;0&#8243; padding_right=&#8220;0&#8243; animation=&#8220;&#8220; type=&#8220;&#8220; bg_color=&#8220;&#8220; bg_position=&#8220;top&#8220; bg_repeat=&#8220;no-repeat&#8220; bg_cover=&#8220;false&#8220; bg_attachment=&#8220;false&#8220; padding_top=&#8220;0&#8243; padding_bottom=&#8220;0&#8243; enable_parallax=&#8220;&#8220; parallax_speed=&#8220;0.1&#8243; bg_video_src_mp4=&#8220;&#8220; bg_video_src_ogv=&#8220;&#8220; bg_video_src_webm=&#8220;&#8220; bg_type=&#8220;&#8220; parallax_style=&#8220;&#8220; bg_image_new=&#8220;&#8220; layer_image=&#8220;&#8220; bg_image_repeat=&#8220;&#8220; bg_image_size=&#8220;&#8220; bg_cstm_size=&#8220;&#8220; bg_img_attach=&#8220;&#8220; parallax_sense=&#8220;&#8220; bg_image_posiiton=&#8220;&#8220; animation_direction=&#8220;&#8220; animation_repeat=&#8220;&#8220; video_url=&#8220;&#8220; video_url_2=&#8220;&#8220; u_video_url=&#8220;&#8220; video_opts=&#8220;&#8220; video_poster=&#8220;&#8220; u_start_time=&#8220;&#8220; u_stop_time=&#8220;&#8220; viewport_vdo=&#8220;&#8220; enable_controls=&#8220;&#8220; bg_override=&#8220;&#8220; disable_on_mobile_img_parallax=&#8220;&#8220; parallax_content=&#8220;&#8220; parallax_content_sense=&#8220;&#8220; fadeout_row=&#8220;&#8220; fadeout_start_effect=&#8220;&#8220; enable_overlay=&#8220;&#8220; overlay_color=&#8220;&#8220; overlay_pattern=&#8220;&#8220; overlay_pattern_opacity=&#8220;&#8220; overlay_pattern_size=&#8220;&#8220; overlay_pattern_attachment=&#8220;&#8220; multi_color_overlay=&#8220;&#8220; multi_color_overlay_opacity=&#8220;&#8220; seperator_enable=&#8220;&#8220; seperator_type=&#8220;&#8220; seperator_position=&#8220;&#8220; seperator_shape_size=&#8220;&#8220; seperator_svg_height=&#8220;&#8220; seperator_shape_background=&#8220;&#8220; seperator_shape_border=&#8220;&#8220; seperator_shape_border_color=&#8220;&#8220; seperator_shape_border_width=&#8220;&#8220; icon_type=&#8220;&#8220; icon=&#8220;&#8220; icon_size=&#8220;&#8220; icon_color=&#8220;&#8220; icon_style=&#8220;&#8220; icon_color_bg=&#8220;&#8220; icon_border_style=&#8220;&#8220; icon_color_border=&#8220;&#8220; icon_border_size=&#8220;&#8220; icon_border_radius=&#8220;&#8220; icon_border_spacing=&#8220;&#8220; icon_img=&#8220;&#8220; img_width=&#8220;&#8220; ult_hide_row=&#8220;&#8220; ult_hide_row_large_screen=&#8220;&#8220; ult_hide_row_desktop=&#8220;&#8220; ult_hide_row_tablet=&#8220;&#8220; ult_hide_row_tablet_small=&#8220;&#8220; ult_hide_row_mobile=&#8220;&#8220; ult_hide_row_mobile_large=&#8220;&#8220;][vc_column width=&#8220;3\/4&#8243; animation=&#8220;&#8220;][vc_column_text]<\/p>\n<h3>HNO-Untersuchung<\/h3>\n<p><strong>Was erwartet mich beim HNO-Arzt?<\/strong><br \/>\n<strong>Sind HNO \u2013 Untersuchungen unangenehm oder sogar schmerzhaft?<\/strong><\/p>\n<p>Die Untersuchung der <strong>&#8222;dunklen H\u00f6hlen&#8220;<\/strong> im HNO-Bereich erfolgt entweder durch die Beleuchtung durch Stirnlampen oder Reflektorspiegeln, durch den Fortschritt der Technik haben hochwertige, sehr lichtstarke <strong>Endoskope<\/strong> immer mehr den Einzug in die Routineuntersuchung des HNO-Arztes gehalten.<\/p>\n<p>Das Licht wird \u00fcber lichtf\u00fchrenden Fasern direkt in den Patienten gebracht, durch Optiken erfolgt eine Vergr\u00f6\u00dferung, die eine noch exaktere Beurteilung der Schleimhaut erm\u00f6glicht. Besonders f\u00fcr die <strong>Krebsfr\u00fcherkennung<\/strong> sind diese Untersuchungen heute unerl\u00e4\u00dflich.<\/p>\n<p>Egal ob die Endoskope <strong>starr und flexibel<\/strong> sind, durch das vorsichtige Hantieren des HNO-Arztes und eventueller Vorbehandlung der Schleimhaut durch Medikamente, die die Schleimhaut bet\u00e4uben, sind diese Untersuchungen garantiert schmerzfrei.[\/vc_column_text][vc_empty_space height=&#8220;32px&#8220;][vc_accordion collapsible=&#8220;yes&#8220; disable_keyboard=&#8220;&#8220; style=&#8220;2&#8243; active_tab=&#8220;false&#8220;][vc_accordion_tab title=&#8220;Ohruntersuchung&#8220;][vc_column_text]Bei der Ohruntersuchung zieht der HNO-Arzt die Ohrmuschel leicht nach hinten, um die Kr\u00fcmmung des Geh\u00f6rganges auszugleichen.<\/p>\n<p>Es wird der Trichter in den \u00e4u\u00dfersten Teil des Geh\u00f6rganges eingebracht.<br \/>\nDurch einen Nervenreiz kann dabei Husten ausgel\u00f6st werden. Das Trommelfell und der Geh\u00f6rgang wird durch eine Stirnlampe oder einen Reflexspiegel begutachtet.<br \/>\n[\/vc_column_text][\/vc_accordion_tab][vc_accordion_tab title=&#8220;Ohrmikroskopie&#8220;][vc_column_text]Zum ganz genauen Betrachten des Geh\u00f6rganges und des Trommelfells kann auch ein Ohrmikroskop verwendet werden.<\/p>\n<p>In Geh\u00f6rgang kann sich Ohrenschmalz (Cerumen) befinden. Es wird von den Dr\u00fcsen im Geh\u00f6rgang produziert und gelangt zum Geh\u00f6rgangseingang.<br \/>\n[\/vc_column_text][\/vc_accordion_tab][vc_accordion_tab title=&#8220;Reinigung des Ohres&#8220;][vc_column_text]Von einer Selbstreinigung mit Wattest\u00e4bchen oder anderen \u201eInstrumenten\u201c im Geh\u00f6rgang ist abzuraten, da die Geh\u00f6rgangshaut dadurch irritiert und entz\u00fcndet, bzw. verletzt werden kann. Das Ohrenschmalz wird im Geh\u00f6rgang durch Wattest\u00e4bschen nach innen gesto\u00dfen, eine Entfernung durch Wattest\u00e4bchen ist vollst\u00e4ndig einfach nicht m\u00f6glich. Im schlimmsten Fall kann durch eine Verletzung ein Loch im Trommelfell entstehen &#8211; was nicht nur dem H\u00f6rverm\u00f6gen h\u00f6chst abtr\u00e4glich , sondern auch sehr schmerzhaft ist![\/vc_column_text][\/vc_accordion_tab][vc_accordion_tab title=&#8220;Ohrsp\u00fclung&#8220;][vc_column_text]Wenn der Selbst\u00adreinigungs\u00adproze\u00df nicht funktioniert, sollte das Ohrenschmalz regelm\u00e4\u00dfig vom HNO-Arzt entfernt werden. Dazu werden kleine Instrumente, Sp\u00fclungen mit warmen Wasser und Ohrsauger verwendet.[\/vc_column_text][\/vc_accordion_tab][vc_accordion_tab title=&#8220;Mittelohr&#8220;][vc_column_text]Das Mittelohr befindet sich hinter dem Trommelfell, hier befinden sich die Geh\u00f6rkn\u00f6chelchen. Es ist normalerweise lufth\u00e4ltig. Der Schall bewirkt eine Schwingung des Trommelfells und wird \u00fcber die Bewegung der Geh\u00f6rkn\u00f6chelchen (Hammer, Amboss, Steigb\u00fcgel) auf die Schnecke (cochlea) \u00fcbertragen.[\/vc_column_text][\/vc_accordion_tab][vc_accordion_tab title=&#8220;Tympanogramm&#8220;][vc_column_text]Beim Schlucken oder Pressen bei geschlossener Nase kommt Luft \u00fcber die eustachische R\u00f6hre ins Mittelohr.<br \/>\nDurch ein Tympanogramm kann der HNO-Arzt feststellen, ob das Mittelohr lufth\u00e4ltig ist. Es wird dabei ein kleiner St\u00f6psel ins Ohr gesteckt, dann erfolgt ein Druck im Geh\u00f6rgang. Die Beweglichkeit des Trommelfells wird durch ein digitales Kurvendiagramm dargestellt.<\/p>\n<p>Wenn ein Sekret im Mittelohr ist, besteht ein Mittel\u00adohr\u00adergu\u00df (Sero\u00admuco\u00adtympanum).[\/vc_column_text][\/vc_accordion_tab][vc_accordion_tab title=&#8220;Innenohr&#8220;][vc_column_text]Das Innenohr liegt im Knochen innerhalb des Mittelohrs und besteht aus der Schnecke und dem Labyrinth. In der Schnecke sind die Sinneszellen, die den Schall in elektrische Impulse im H\u00f6rnerv verwandeln. Das H\u00f6ren und Verstehen selbst ist eine Gehirnfunktion, der H\u00f6reindruck wird zun\u00e4chst im Schl\u00e4fenlappen wahrgenommen und von dort in andere Hirnbereiche weiter geleitet.[\/vc_column_text][\/vc_accordion_tab][vc_accordion_tab title=&#8220;Untersuchung des Gleich\u00adgewicht\u00ad\u00adorgans&#8220;][vc_column_text]Im Labyrinth befinden sich die Sinneszellen f\u00fcr das Gleichgewichtsorgan. Die N\u00e4he zur Schnecke bewirkt, dass bei Erkrankungen des Innenohres neben H\u00f6rst\u00f6rungen und Ohrensausen auch h\u00e4ufig Schwindel auftreten kann.<br \/>\nBei Erkrankungen des Gleichgewichtorganes kommt es zum Auftreten von rhythmischen Augenbewegungen (Nystagmus), die unter einer den Augapfel stark vergr\u00f6\u00dfernden Brille gut sichtbar gemacht werden k\u00f6nnen. [\/vc_column_text][\/vc_accordion_tab][vc_accordion_tab title=&#8220;Untersuchung der Nase&#8220;][vc_column_text]Bei der Untersuchung der Nase betrachtet der HNO-Arzt das Innere mit Licht, es kann die Farbe der Schleimhaut und das Vorhandensein von Sekret beurteilt werden.<br \/>\nDie Nasenl\u00f6cher werden dabei mit einem kleinen Spreizer aufgehalten und der HNO-Arzt bewegt den Kopf des Patienten mit der Hand in verschiedene Richtungen, um verschiedene Teile des Naseninneren zu sehen.[\/vc_column_text][\/vc_accordion_tab][vc_accordion_tab title=&#8220;Naseneinlagen&#8220;][vc_column_text]Um besser in das Naseninnere einzusehen, tr\u00e4nkt der HNO-Arzt kleine Watteb\u00e4usche oder Verbandstreifen (Naseneinlagen) mit einem abschwellenden oder lokalan\u00e4sthesierenden Mittel und schiebt sie vorsichtig ins Naseninnere.<br \/>\nDas ist ein wenig unangenehm, tut aber nicht weh. Danach ist die Nase erweitert und bet\u00e4ubt, so kann genauer untersucht werden.[\/vc_column_text][\/vc_accordion_tab][vc_accordion_tab title=&#8220;Nase \/ Nasenrachen&#8220;][vc_column_text]In der Nase befindet sich eine normalerweise ann\u00e4hernd gerade Nasenscheidewand, an der seitlichen Nasenwand sind mit Schleimhaut \u00fcberzogene kn\u00f6cherne Vorw\u00f6lbungen angebracht \u2013 die Nasenmuscheln.<br \/>\nRelativ h\u00e4ufig treten Verkr\u00fcmmungen der Nasenscheidewand auf. Wenn sie ausgepr\u00e4gt sind, k\u00f6nnen sie zu Behinderung der Nasenatmung f\u00fchren, eine Septumoperation (Nasenscheidewandkorrektur) ist dann die Folge.<br \/>\nDie Schleimhaut der Nase kann leicht auf verschiedene Reize hin anschwellen und Sekrete produzieren.<\/p>\n<p>Der Nasenrachen liegt hinter der Nase und geht nach unten in den Rachen (Pharynx) \u00fcber.<br \/>\nIm Kindesalter befinden sich am Rachendach die Rachenmandeln (Adenoide), im Volksmund Polypen genannt.[\/vc_column_text][\/vc_accordion_tab][vc_accordion_tab title=&#8220;Nasenrachen&#8220;][vc_column_text]Um den Nasenrachen zu sehen, kann der HNO-Arzt \u00fcber den Mund mit einem kleinen Spiegel hinter dem Z\u00e4pfchen nach oben schauen. Dadurch kann man z.B. die Rachenmandeln (Adenoide, \u201ePolypen\u201c) sehen. Weiters gibt es die M\u00f6glichkeit mittels Endoskopie die Nase und den Nasenrachen zu betrachten. [\/vc_column_text][\/vc_accordion_tab][vc_accordion_tab title=&#8220;Nasenendoskopie &#8222;][vc_column_text]Eine exakte Untersuchung der Nasenschleimhaut mit Beurteilung der Eing\u00e4nge in die Nasennebenh\u00f6hlen ist durch die Endoskopie mit starren oder flexiblen Endoskopen m\u00f6glich.<\/p>\n<p>Es ist dadurch die genaue Beurteilung der Nasenscheidewand , der Nasenmuscheln und der Eing\u00e4nge in die Nasennebenh\u00f6hlen m\u00f6glich. Im Bild unten erkennt man Nasenpolypen, die aus den Nebenh\u00f6hlen ins Naseninnere h\u00e4ngen.[\/vc_column_text][\/vc_accordion_tab][vc_accordion_tab title=&#8220;Mundh\u00f6hle und Mandeln&#8220;][vc_column_text]In der Mundh\u00f6hle beurteilt der HNO-Arzt die Schleimhaut, die Zunge und die Z\u00e4hne.<\/p>\n<p>Zur besseren Sicht auf die Gaumenmandeln (Tonsillen), den Gaumen, das Z\u00e4pfchen (Uvula) und die Rachenhinterwand wird bei der Untersuchung der mittlere Teil der Zunge mit dem Spatel vorsichtig niedergedr\u00fcckt. Dieser Teil der Zunge ist \u00fcblicherweise nicht W\u00fcrgereiz ausl\u00f6send. [\/vc_column_text][\/vc_accordion_tab][vc_accordion_tab title=&#8220;Kehlkopf&#8220;][vc_column_text]Die Schwelle zum Ausl\u00f6sen des W\u00fcrgereizes ist bei verschiedenen Personen unterschiedlich, wichtig ist, sich zu entspannen und ruhig zu atmen. Um den W\u00fcrgereiz auszuschalten, kann der Gaumen und der Rachen mit einem Lokalan\u00e4sthestikum eingespr\u00fcht werden. Danach ist die Schleimhaut \u201ebet\u00e4ubt\u201c.<br \/>\nIn der ersten halben Stunde nach der Untersuchung soll der Patient nichts essen oder trinken, danach verschwindet das Taubheitsgef\u00fchl v\u00f6llig.<\/p>\n<p>Wenn Sie Probleme mit leicht auszul\u00f6sendem W\u00fcrgereiz haben, sprechen Sie mit Ihrem HNO-Arzt dar\u00fcber vor der Untersuchung.<\/p>\n<p>Zur Betrachtung des hinteren Zungendrittels ( Zungengrund), des Schlundes, des Kehldeckels und des Kehlkopfes zieht der HNO-Arzt vorsichtig die Zunge etwas aus dem Mund, ein kleiner , vorgew\u00e4rmter Spiegel wird der Gaumen ber\u00fchrt und damit \u201e ums Eck\u201c Richtung Kehlkopf geschaut. Der Patient wird aufgefordert \u201ehiiii\u201c zu sagen, der HNO-Arzt beurteilt dabei die Beweglichkeit der Stimmb\u00e4nder.<br \/>\n[\/vc_column_text][\/vc_accordion_tab][vc_accordion_tab title=&#8220;Kehlkopfendoskopie&#8220;][vc_column_text]\u00dcber Winkeloptiken kann der HNO-Arzt mit starren Optiken hinter den Gaumen nach unten schauen, die starke Vergr\u00f6\u00dferung zeigt auch kleine Ver\u00e4nderungen der Stimmb\u00e4nder, eine Spezialuntersuchung der Stimmbandbeweglichkeit ist die Strobo\u00adskopie Weiters gibt es die M\u00f6glichkeit mit d\u00fcnnen, weichen (flexiblen) Optiken durch die Nase bis zum Kehlkopf zu sehen.[\/vc_column_text][\/vc_accordion_tab][\/vc_accordion][\/vc_column][vc_column width=&#8220;1\/4&#8243; animation=&#8220;&#8220;][\/vc_column][\/vc_row]<\/p>\n","protected":false},"excerpt":{"rendered":"<p>[vc_row margin_top=&#8220;0&#8243; margin_bottom=&#8220;0&#8243; full_width=&#8220;&#8220; padding_left=&#8220;0&#8243; padding_right=&#8220;0&#8243; animation=&#8220;&#8220; type=&#8220;&#8220; bg_color=&#8220;&#8220; bg_position=&#8220;top&#8220; bg_repeat=&#8220;no-repeat&#8220; bg_cover=&#8220;false&#8220; bg_attachment=&#8220;false&#8220; padding_top=&#8220;0&#8243; padding_bottom=&#8220;0&#8243; enable_parallax=&#8220;&#8220; parallax_speed=&#8220;0.1&#8243; bg_video_src_mp4=&#8220;&#8220; bg_video_src_ogv=&#8220;&#8220; bg_video_src_webm=&#8220;&#8220; bg_type=&#8220;&#8220; parallax_style=&#8220;&#8220; bg_image_new=&#8220;&#8220; layer_image=&#8220;&#8220; bg_image_repeat=&#8220;&#8220; bg_image_size=&#8220;&#8220; bg_cstm_size=&#8220;&#8220; bg_img_attach=&#8220;&#8220; parallax_sense=&#8220;&#8220; bg_image_posiiton=&#8220;&#8220; animation_direction=&#8220;&#8220; animation_repeat=&#8220;&#8220; video_url=&#8220;&#8220; video_url_2=&#8220;&#8220; u_video_url=&#8220;&#8220; video_opts=&#8220;&#8220; video_poster=&#8220;&#8220; u_start_time=&#8220;&#8220; u_stop_time=&#8220;&#8220; viewport_vdo=&#8220;&#8220; enable_controls=&#8220;&#8220; bg_override=&#8220;&#8220; disable_on_mobile_img_parallax=&#8220;&#8220; parallax_content=&#8220;&#8220; parallax_content_sense=&#8220;&#8220; fadeout_row=&#8220;&#8220; fadeout_start_effect=&#8220;&#8220; enable_overlay=&#8220;&#8220; overlay_color=&#8220;&#8220; overlay_pattern=&#8220;&#8220; overlay_pattern_opacity=&#8220;&#8220; overlay_pattern_size=&#8220;&#8220; overlay_pattern_attachment=&#8220;&#8220; multi_color_overlay=&#8220;&#8220; multi_color_overlay_opacity=&#8220;&#8220;&hellip;<\/p>\n","protected":false},"author":1,"featured_media":0,"parent":35465,"menu_order":0,"comment_status":"closed","ping_status":"closed","template":"","meta":[],"_links":{"self":[{"href":"https:\/\/hno-arzt.at\/index.php\/wp-json\/wp\/v2\/pages\/35467"}],"collection":[{"href":"https:\/\/hno-arzt.at\/index.php\/wp-json\/wp\/v2\/pages"}],"about":[{"href":"https:\/\/hno-arzt.at\/index.php\/wp-json\/wp\/v2\/types\/page"}],"author":[{"embeddable":true,"href":"https:\/\/hno-arzt.at\/index.php\/wp-json\/wp\/v2\/users\/1"}],"replies":[{"embeddable":true,"href":"https:\/\/hno-arzt.at\/index.php\/wp-json\/wp\/v2\/comments?post=35467"}],"version-history":[{"count":8,"href":"https:\/\/hno-arzt.at\/index.php\/wp-json\/wp\/v2\/pages\/35467\/revisions"}],"predecessor-version":[{"id":35476,"href":"https:\/\/hno-arzt.at\/index.php\/wp-json\/wp\/v2\/pages\/35467\/revisions\/35476"}],"up":[{"embeddable":true,"href":"https:\/\/hno-arzt.at\/index.php\/wp-json\/wp\/v2\/pages\/35465"}],"wp:attachment":[{"href":"https:\/\/hno-arzt.at\/index.php\/wp-json\/wp\/v2\/media?parent=35467"}],"curies":[{"name":"wp","href":"https:\/\/api.w.org\/{rel}","templated":true}]}}