{"id":35864,"date":"2015-09-04T14:15:15","date_gmt":"2015-09-04T12:15:15","guid":{"rendered":"https:\/\/hno-arzt.at\/?page_id=35864"},"modified":"2015-10-07T11:03:20","modified_gmt":"2015-10-07T09:03:20","slug":"akute-gehoergangsentzuendung","status":"publish","type":"page","link":"https:\/\/hno-arzt.at\/index.php\/hno\/erkrankungen\/akute-gehoergangsentzuendung\/","title":{"rendered":"Akute Geh\u00f6rgangsentz\u00fcndung"},"content":{"rendered":"<p>[vc_row margin_top=&#8220;0&#8243; margin_bottom=&#8220;0&#8243; full_width=&#8220;&#8220; padding_left=&#8220;0&#8243; padding_right=&#8220;0&#8243; animation=&#8220;&#8220; type=&#8220;&#8220; bg_color=&#8220;&#8220; bg_position=&#8220;top&#8220; bg_repeat=&#8220;no-repeat&#8220; bg_cover=&#8220;false&#8220; bg_attachment=&#8220;false&#8220; padding_top=&#8220;0&#8243; padding_bottom=&#8220;0&#8243; enable_parallax=&#8220;&#8220; parallax_speed=&#8220;0.1&#8243; bg_video_src_mp4=&#8220;&#8220; bg_video_src_ogv=&#8220;&#8220; bg_video_src_webm=&#8220;&#8220; bg_type=&#8220;&#8220; parallax_style=&#8220;&#8220; bg_image_new=&#8220;&#8220; layer_image=&#8220;&#8220; bg_image_repeat=&#8220;&#8220; bg_image_size=&#8220;&#8220; bg_cstm_size=&#8220;&#8220; bg_img_attach=&#8220;&#8220; parallax_sense=&#8220;&#8220; bg_image_posiiton=&#8220;&#8220; animation_direction=&#8220;&#8220; animation_repeat=&#8220;&#8220; video_url=&#8220;&#8220; video_url_2=&#8220;&#8220; u_video_url=&#8220;&#8220; video_opts=&#8220;&#8220; video_poster=&#8220;&#8220; u_start_time=&#8220;&#8220; u_stop_time=&#8220;&#8220; viewport_vdo=&#8220;&#8220; enable_controls=&#8220;&#8220; bg_override=&#8220;&#8220; disable_on_mobile_img_parallax=&#8220;&#8220; parallax_content=&#8220;&#8220; parallax_content_sense=&#8220;&#8220; fadeout_row=&#8220;&#8220; fadeout_start_effect=&#8220;&#8220; enable_overlay=&#8220;&#8220; overlay_color=&#8220;&#8220; overlay_pattern=&#8220;&#8220; overlay_pattern_opacity=&#8220;&#8220; overlay_pattern_size=&#8220;&#8220; overlay_pattern_attachment=&#8220;&#8220; multi_color_overlay=&#8220;&#8220; multi_color_overlay_opacity=&#8220;&#8220; seperator_enable=&#8220;&#8220; seperator_type=&#8220;&#8220; seperator_position=&#8220;&#8220; seperator_shape_size=&#8220;&#8220; seperator_svg_height=&#8220;&#8220; seperator_shape_background=&#8220;&#8220; seperator_shape_border=&#8220;&#8220; seperator_shape_border_color=&#8220;&#8220; seperator_shape_border_width=&#8220;&#8220; icon_type=&#8220;&#8220; icon=&#8220;&#8220; icon_size=&#8220;&#8220; icon_color=&#8220;&#8220; icon_style=&#8220;&#8220; icon_color_bg=&#8220;&#8220; icon_border_style=&#8220;&#8220; icon_color_border=&#8220;&#8220; icon_border_size=&#8220;&#8220; icon_border_radius=&#8220;&#8220; icon_border_spacing=&#8220;&#8220; icon_img=&#8220;&#8220; img_width=&#8220;&#8220; ult_hide_row=&#8220;&#8220; ult_hide_row_large_screen=&#8220;&#8220; ult_hide_row_desktop=&#8220;&#8220; ult_hide_row_tablet=&#8220;&#8220; ult_hide_row_tablet_small=&#8220;&#8220; ult_hide_row_mobile=&#8220;&#8220; ult_hide_row_mobile_large=&#8220;&#8220;][vc_column width=&#8220;2\/3&#8243; animation=&#8220;&#8220;][vc_column_text]<strong><span class=\"text1\"><span class=\"head1\">Akute Geh\u00f6r\u00adgangs\u00adent\u00adz\u00fcnd\u00adung (Otitis ex\u00adterna, Bade\u00adotitis)<\/span><\/span><\/strong><\/p>\n<p><span class=\"text1\">Eine bakterielle Entz\u00fcndung der Geh\u00f6rgangshaut kann oft durch Keime im Wasser (Badeteich, See, Swimmingpool) oder manchmal auch durch eine Pilzinfektion ausgel\u00f6st werden.<br \/>\nFalsche Reinigung der Geh\u00f6rg\u00e4nge mit Wattest\u00e4bchen oder \u00e4hnlichem kann durch mechanische Irritation das Auftreten der Entz\u00fcndungen beg\u00fcnstigen.<\/span>[\/vc_column_text][\/vc_column][vc_column width=&#8220;1\/3&#8243; animation=&#8220;&#8220;][vc_single_image image=&#8220;35867&#8243; border_color=&#8220;grey&#8220; img_link_large=&#8220;&#8220; img_link_target=&#8220;_self&#8220; image_hovers=&#8220;false&#8220; img_size=&#8220;288 \u00d7 216&#8243;][\/vc_column][\/vc_row][vc_row margin_top=&#8220;0&#8243; margin_bottom=&#8220;0&#8243; full_width=&#8220;&#8220; padding_left=&#8220;0&#8243; padding_right=&#8220;0&#8243; animation=&#8220;&#8220; type=&#8220;&#8220; bg_color=&#8220;&#8220; bg_position=&#8220;top&#8220; bg_repeat=&#8220;no-repeat&#8220; bg_cover=&#8220;false&#8220; bg_attachment=&#8220;false&#8220; padding_top=&#8220;0&#8243; padding_bottom=&#8220;0&#8243; enable_parallax=&#8220;&#8220; parallax_speed=&#8220;0.1&#8243; bg_video_src_mp4=&#8220;&#8220; bg_video_src_ogv=&#8220;&#8220; bg_video_src_webm=&#8220;&#8220; bg_type=&#8220;&#8220; parallax_style=&#8220;&#8220; bg_image_new=&#8220;&#8220; layer_image=&#8220;&#8220; bg_image_repeat=&#8220;&#8220; bg_image_size=&#8220;&#8220; bg_cstm_size=&#8220;&#8220; bg_img_attach=&#8220;&#8220; parallax_sense=&#8220;&#8220; bg_image_posiiton=&#8220;&#8220; animation_direction=&#8220;&#8220; animation_repeat=&#8220;&#8220; video_url=&#8220;&#8220; video_url_2=&#8220;&#8220; u_video_url=&#8220;&#8220; video_opts=&#8220;&#8220; video_poster=&#8220;&#8220; u_start_time=&#8220;&#8220; u_stop_time=&#8220;&#8220; viewport_vdo=&#8220;&#8220; enable_controls=&#8220;&#8220; bg_override=&#8220;&#8220; disable_on_mobile_img_parallax=&#8220;&#8220; parallax_content=&#8220;&#8220; parallax_content_sense=&#8220;&#8220; fadeout_row=&#8220;&#8220; fadeout_start_effect=&#8220;&#8220; enable_overlay=&#8220;&#8220; overlay_color=&#8220;&#8220; overlay_pattern=&#8220;&#8220; overlay_pattern_opacity=&#8220;&#8220; overlay_pattern_size=&#8220;&#8220; overlay_pattern_attachment=&#8220;&#8220; multi_color_overlay=&#8220;&#8220; multi_color_overlay_opacity=&#8220;&#8220; seperator_enable=&#8220;&#8220; seperator_type=&#8220;&#8220; seperator_position=&#8220;&#8220; seperator_shape_size=&#8220;&#8220; seperator_svg_height=&#8220;&#8220; seperator_shape_background=&#8220;&#8220; seperator_shape_border=&#8220;&#8220; seperator_shape_border_color=&#8220;&#8220; seperator_shape_border_width=&#8220;&#8220; icon_type=&#8220;&#8220; icon=&#8220;&#8220; icon_size=&#8220;&#8220; icon_color=&#8220;&#8220; icon_style=&#8220;&#8220; icon_color_bg=&#8220;&#8220; icon_border_style=&#8220;&#8220; icon_color_border=&#8220;&#8220; icon_border_size=&#8220;&#8220; icon_border_radius=&#8220;&#8220; icon_border_spacing=&#8220;&#8220; icon_img=&#8220;&#8220; img_width=&#8220;&#8220; ult_hide_row=&#8220;&#8220; ult_hide_row_large_screen=&#8220;&#8220; ult_hide_row_desktop=&#8220;&#8220; ult_hide_row_tablet=&#8220;&#8220; ult_hide_row_tablet_small=&#8220;&#8220; ult_hide_row_mobile=&#8220;&#8220; ult_hide_row_mobile_large=&#8220;&#8220;][vc_column width=&#8220;1\/1&#8243; animation=&#8220;&#8220;][vc_empty_space height=&#8220;32px&#8220;][\/vc_column][\/vc_row][vc_row margin_top=&#8220;0&#8243; margin_bottom=&#8220;0&#8243; full_width=&#8220;&#8220; padding_left=&#8220;0&#8243; padding_right=&#8220;0&#8243; animation=&#8220;&#8220; type=&#8220;&#8220; bg_color=&#8220;&#8220; bg_position=&#8220;top&#8220; bg_repeat=&#8220;no-repeat&#8220; bg_cover=&#8220;false&#8220; bg_attachment=&#8220;false&#8220; padding_top=&#8220;0&#8243; padding_bottom=&#8220;0&#8243; enable_parallax=&#8220;&#8220; parallax_speed=&#8220;0.1&#8243; bg_video_src_mp4=&#8220;&#8220; bg_video_src_ogv=&#8220;&#8220; bg_video_src_webm=&#8220;&#8220; bg_type=&#8220;&#8220; parallax_style=&#8220;&#8220; bg_image_new=&#8220;&#8220; layer_image=&#8220;&#8220; bg_image_repeat=&#8220;&#8220; bg_image_size=&#8220;&#8220; bg_cstm_size=&#8220;&#8220; bg_img_attach=&#8220;&#8220; parallax_sense=&#8220;&#8220; bg_image_posiiton=&#8220;&#8220; animation_direction=&#8220;&#8220; animation_repeat=&#8220;&#8220; video_url=&#8220;&#8220; video_url_2=&#8220;&#8220; u_video_url=&#8220;&#8220; video_opts=&#8220;&#8220; video_poster=&#8220;&#8220; u_start_time=&#8220;&#8220; u_stop_time=&#8220;&#8220; viewport_vdo=&#8220;&#8220; enable_controls=&#8220;&#8220; bg_override=&#8220;&#8220; disable_on_mobile_img_parallax=&#8220;&#8220; parallax_content=&#8220;&#8220; parallax_content_sense=&#8220;&#8220; fadeout_row=&#8220;&#8220; fadeout_start_effect=&#8220;&#8220; enable_overlay=&#8220;&#8220; overlay_color=&#8220;&#8220; overlay_pattern=&#8220;&#8220; overlay_pattern_opacity=&#8220;&#8220; overlay_pattern_size=&#8220;&#8220; overlay_pattern_attachment=&#8220;&#8220; multi_color_overlay=&#8220;&#8220; multi_color_overlay_opacity=&#8220;&#8220; seperator_enable=&#8220;&#8220; seperator_type=&#8220;&#8220; seperator_position=&#8220;&#8220; seperator_shape_size=&#8220;&#8220; seperator_svg_height=&#8220;&#8220; seperator_shape_background=&#8220;&#8220; seperator_shape_border=&#8220;&#8220; seperator_shape_border_color=&#8220;&#8220; seperator_shape_border_width=&#8220;&#8220; icon_type=&#8220;&#8220; icon=&#8220;&#8220; icon_size=&#8220;&#8220; icon_color=&#8220;&#8220; icon_style=&#8220;&#8220; icon_color_bg=&#8220;&#8220; icon_border_style=&#8220;&#8220; icon_color_border=&#8220;&#8220; icon_border_size=&#8220;&#8220; icon_border_radius=&#8220;&#8220; icon_border_spacing=&#8220;&#8220; icon_img=&#8220;&#8220; img_width=&#8220;&#8220; ult_hide_row=&#8220;&#8220; ult_hide_row_large_screen=&#8220;&#8220; ult_hide_row_desktop=&#8220;&#8220; ult_hide_row_tablet=&#8220;&#8220; ult_hide_row_tablet_small=&#8220;&#8220; ult_hide_row_mobile=&#8220;&#8220; ult_hide_row_mobile_large=&#8220;&#8220;][vc_column width=&#8220;1\/1&#8243; animation=&#8220;&#8220;][vc_column_text]<span class=\"text1\"><b>Beschwerden<\/b><br \/>\nDer Patient klagt \u00fcber starke Ohrenschmerzen , manchmal verbunden mit Schwerh\u00f6rigkeit, oft besteht ein Druckschmerz an der Ohrmuschel.<\/span><\/p>\n<p><b>Untersuchung<\/b><br \/>\nBei der Untersuchung mit dem Stirnlicht oder Ohrmikroskop sieht der HNO-Arzt durch den Ohrtrichter einen ger\u00f6teten und geschwollenen Geh\u00f6rgang, manchmal ist er sogar komplett zugeschwollen.<\/p>\n<p><b>Behandlung<\/b><br \/>\nLokaltherapie:<br \/>\n\u2022 Antibiotikah\u00e4ltige und entz\u00fcndungshemmende Ohrentropfen<br \/>\n\u2022 eventuell Einlegen von Streifen mit antibiotikah\u00e4ltigen oder<br \/>\n\u2022 entz\u00fcndungshemmenden Salben oder Cremen<\/p>\n<p>Medikamente:<br \/>\n\u2022 Entz\u00fcndungshemmer<br \/>\n\u2022 Schmerzmittel<br \/>\n\u2022 Nur in Einzelf\u00e4llen Antibiotika zum Schlucken[\/vc_column_text][\/vc_column][\/vc_row]<\/p>\n","protected":false},"excerpt":{"rendered":"<p>[vc_row margin_top=&#8220;0&#8243; margin_bottom=&#8220;0&#8243; full_width=&#8220;&#8220; padding_left=&#8220;0&#8243; padding_right=&#8220;0&#8243; animation=&#8220;&#8220; type=&#8220;&#8220; bg_color=&#8220;&#8220; bg_position=&#8220;top&#8220; bg_repeat=&#8220;no-repeat&#8220; bg_cover=&#8220;false&#8220; bg_attachment=&#8220;false&#8220; padding_top=&#8220;0&#8243; padding_bottom=&#8220;0&#8243; enable_parallax=&#8220;&#8220; parallax_speed=&#8220;0.1&#8243; bg_video_src_mp4=&#8220;&#8220; bg_video_src_ogv=&#8220;&#8220; bg_video_src_webm=&#8220;&#8220; bg_type=&#8220;&#8220; parallax_style=&#8220;&#8220; bg_image_new=&#8220;&#8220; layer_image=&#8220;&#8220; bg_image_repeat=&#8220;&#8220; bg_image_size=&#8220;&#8220; bg_cstm_size=&#8220;&#8220; bg_img_attach=&#8220;&#8220; parallax_sense=&#8220;&#8220; bg_image_posiiton=&#8220;&#8220; animation_direction=&#8220;&#8220; animation_repeat=&#8220;&#8220; video_url=&#8220;&#8220; video_url_2=&#8220;&#8220; u_video_url=&#8220;&#8220; video_opts=&#8220;&#8220; video_poster=&#8220;&#8220; u_start_time=&#8220;&#8220; u_stop_time=&#8220;&#8220; viewport_vdo=&#8220;&#8220; enable_controls=&#8220;&#8220; bg_override=&#8220;&#8220; disable_on_mobile_img_parallax=&#8220;&#8220; parallax_content=&#8220;&#8220; parallax_content_sense=&#8220;&#8220; fadeout_row=&#8220;&#8220; fadeout_start_effect=&#8220;&#8220; enable_overlay=&#8220;&#8220; overlay_color=&#8220;&#8220; overlay_pattern=&#8220;&#8220; overlay_pattern_opacity=&#8220;&#8220; overlay_pattern_size=&#8220;&#8220; overlay_pattern_attachment=&#8220;&#8220; multi_color_overlay=&#8220;&#8220; multi_color_overlay_opacity=&#8220;&#8220;&hellip;<\/p>\n","protected":false},"author":1,"featured_media":0,"parent":35585,"menu_order":0,"comment_status":"closed","ping_status":"closed","template":"","meta":[],"_links":{"self":[{"href":"https:\/\/hno-arzt.at\/index.php\/wp-json\/wp\/v2\/pages\/35864"}],"collection":[{"href":"https:\/\/hno-arzt.at\/index.php\/wp-json\/wp\/v2\/pages"}],"about":[{"href":"https:\/\/hno-arzt.at\/index.php\/wp-json\/wp\/v2\/types\/page"}],"author":[{"embeddable":true,"href":"https:\/\/hno-arzt.at\/index.php\/wp-json\/wp\/v2\/users\/1"}],"replies":[{"embeddable":true,"href":"https:\/\/hno-arzt.at\/index.php\/wp-json\/wp\/v2\/comments?post=35864"}],"version-history":[{"count":3,"href":"https:\/\/hno-arzt.at\/index.php\/wp-json\/wp\/v2\/pages\/35864\/revisions"}],"predecessor-version":[{"id":35868,"href":"https:\/\/hno-arzt.at\/index.php\/wp-json\/wp\/v2\/pages\/35864\/revisions\/35868"}],"up":[{"embeddable":true,"href":"https:\/\/hno-arzt.at\/index.php\/wp-json\/wp\/v2\/pages\/35585"}],"wp:attachment":[{"href":"https:\/\/hno-arzt.at\/index.php\/wp-json\/wp\/v2\/media?parent=35864"}],"curies":[{"name":"wp","href":"https:\/\/api.w.org\/{rel}","templated":true}]}}