{"id":35869,"date":"2015-09-04T14:30:01","date_gmt":"2015-09-04T12:30:01","guid":{"rendered":"https:\/\/hno-arzt.at\/?page_id=35869"},"modified":"2015-10-12T10:11:41","modified_gmt":"2015-10-12T08:11:41","slug":"akute-mittelohrentzuendung","status":"publish","type":"page","link":"https:\/\/hno-arzt.at\/index.php\/hno\/erkrankungen\/akute-mittelohrentzuendung\/","title":{"rendered":"Akute Mittelohrentz\u00fcndung"},"content":{"rendered":"<p>[vc_row margin_top=&#8220;0&#8243; margin_bottom=&#8220;0&#8243; full_width=&#8220;&#8220; padding_left=&#8220;0&#8243; padding_right=&#8220;0&#8243; animation=&#8220;&#8220; type=&#8220;&#8220; bg_color=&#8220;&#8220; bg_position=&#8220;top&#8220; bg_repeat=&#8220;no-repeat&#8220; bg_cover=&#8220;false&#8220; bg_attachment=&#8220;false&#8220; padding_top=&#8220;0&#8243; padding_bottom=&#8220;0&#8243; enable_parallax=&#8220;&#8220; parallax_speed=&#8220;0.1&#8243; bg_video_src_mp4=&#8220;&#8220; bg_video_src_ogv=&#8220;&#8220; bg_video_src_webm=&#8220;&#8220; bg_type=&#8220;&#8220; parallax_style=&#8220;&#8220; bg_image_new=&#8220;&#8220; layer_image=&#8220;&#8220; bg_image_repeat=&#8220;&#8220; bg_image_size=&#8220;&#8220; bg_cstm_size=&#8220;&#8220; bg_img_attach=&#8220;&#8220; parallax_sense=&#8220;&#8220; bg_image_posiiton=&#8220;&#8220; animation_direction=&#8220;&#8220; animation_repeat=&#8220;&#8220; video_url=&#8220;&#8220; video_url_2=&#8220;&#8220; u_video_url=&#8220;&#8220; video_opts=&#8220;&#8220; video_poster=&#8220;&#8220; u_start_time=&#8220;&#8220; u_stop_time=&#8220;&#8220; viewport_vdo=&#8220;&#8220; enable_controls=&#8220;&#8220; bg_override=&#8220;&#8220; disable_on_mobile_img_parallax=&#8220;&#8220; parallax_content=&#8220;&#8220; parallax_content_sense=&#8220;&#8220; fadeout_row=&#8220;&#8220; fadeout_start_effect=&#8220;&#8220; enable_overlay=&#8220;&#8220; overlay_color=&#8220;&#8220; overlay_pattern=&#8220;&#8220; overlay_pattern_opacity=&#8220;&#8220; overlay_pattern_size=&#8220;&#8220; overlay_pattern_attachment=&#8220;&#8220; multi_color_overlay=&#8220;&#8220; multi_color_overlay_opacity=&#8220;&#8220; seperator_enable=&#8220;&#8220; seperator_type=&#8220;&#8220; seperator_position=&#8220;&#8220; seperator_shape_size=&#8220;&#8220; seperator_svg_height=&#8220;&#8220; seperator_shape_background=&#8220;&#8220; seperator_shape_border=&#8220;&#8220; seperator_shape_border_color=&#8220;&#8220; seperator_shape_border_width=&#8220;&#8220; icon_type=&#8220;&#8220; icon=&#8220;&#8220; icon_size=&#8220;&#8220; icon_color=&#8220;&#8220; icon_style=&#8220;&#8220; icon_color_bg=&#8220;&#8220; icon_border_style=&#8220;&#8220; icon_color_border=&#8220;&#8220; icon_border_size=&#8220;&#8220; icon_border_radius=&#8220;&#8220; icon_border_spacing=&#8220;&#8220; icon_img=&#8220;&#8220; img_width=&#8220;&#8220; ult_hide_row=&#8220;&#8220; ult_hide_row_large_screen=&#8220;&#8220; ult_hide_row_desktop=&#8220;&#8220; ult_hide_row_tablet=&#8220;&#8220; ult_hide_row_tablet_small=&#8220;&#8220; ult_hide_row_mobile=&#8220;&#8220; ult_hide_row_mobile_large=&#8220;&#8220;][vc_column width=&#8220;2\/3&#8243; animation=&#8220;&#8220;][vc_column_text]<strong><span class=\"text1\"><span class=\"head1\">Akute Mittel\u00adohr\u00adent\u00adz\u00fcnd\u00adung (Otitis media)<\/span><\/span><\/strong><\/p>\n<p><span class=\"text1\">Bakterielle Entz\u00fcndung der Mittelohrschleimhaut und des Trommelfell.<\/span><\/p>\n<p><span class=\"text1\"><b>Beschwerden<\/b><br \/>\nOhrenschmerzen, Fieber, Schwerh\u00f6rigkeit, manchmal eitriger Ohrausfluss, oft Schnupfen.<\/span><\/p>\n<p><b>Untersuchung<\/b><br \/>\nDer HNO-Arzt sieht mit dem Stirnlicht oder dem Ohrmikroskop durch den Ohrtrichter ein ger\u00f6tetes Trommelfell, oft ist es verdickt und vorgew\u00f6lbt. Manchmal kommt es zur Blasenbildung. Es kann ein kleiner Riss im Trommelfell entstehen und Eiter aus dem Mittelohr nach au\u00dfen abrinnen.<br \/>\nMa\u00dfnahmen: manchmal bakteriologischer Abstrich, Blutabnahme<\/p>\n<p><b>Behandlung<\/b><br \/>\nMedikamente:<br \/>\nAntibiotika f\u00fcr 7-10 Tage, Besserung der Schmerzen nach fr\u00fchestens 24 Stunden<br \/>\nNasentropfen miot abschwellender Wirkung f\u00fcr max. 14 Tage<br \/>\nEntz\u00fcndungshemmer<br \/>\nSchmerz- und Fiebersenker[\/vc_column_text][\/vc_column][vc_column width=&#8220;1\/3&#8243; animation=&#8220;&#8220;][vc_empty_space height=&#8220;48px&#8220;][vc_single_image image=&#8220;35872&#8243; border_color=&#8220;grey&#8220; img_link_large=&#8220;&#8220; img_link_target=&#8220;_self&#8220; image_hovers=&#8220;false&#8220; img_size=&#8220;280 \u00d7 210&#8243;][vc_empty_space height=&#8220;48px&#8220;][vc_single_image image=&#8220;35873&#8243; border_color=&#8220;grey&#8220; img_link_large=&#8220;&#8220; img_link_target=&#8220;_self&#8220; image_hovers=&#8220;false&#8220; img_size=&#8220;280 \u00d7 210&#8243;][\/vc_column][\/vc_row][vc_row margin_top=&#8220;0&#8243; margin_bottom=&#8220;0&#8243; full_width=&#8220;&#8220; padding_left=&#8220;0&#8243; padding_right=&#8220;0&#8243; animation=&#8220;&#8220; type=&#8220;&#8220; bg_color=&#8220;&#8220; bg_position=&#8220;top&#8220; bg_repeat=&#8220;no-repeat&#8220; bg_cover=&#8220;false&#8220; bg_attachment=&#8220;false&#8220; padding_top=&#8220;0&#8243; padding_bottom=&#8220;0&#8243; enable_parallax=&#8220;&#8220; parallax_speed=&#8220;0.1&#8243; bg_video_src_mp4=&#8220;&#8220; bg_video_src_ogv=&#8220;&#8220; bg_video_src_webm=&#8220;&#8220; bg_type=&#8220;&#8220; parallax_style=&#8220;&#8220; bg_image_new=&#8220;&#8220; layer_image=&#8220;&#8220; bg_image_repeat=&#8220;&#8220; bg_image_size=&#8220;&#8220; bg_cstm_size=&#8220;&#8220; bg_img_attach=&#8220;&#8220; parallax_sense=&#8220;&#8220; bg_image_posiiton=&#8220;&#8220; animation_direction=&#8220;&#8220; animation_repeat=&#8220;&#8220; video_url=&#8220;&#8220; video_url_2=&#8220;&#8220; u_video_url=&#8220;&#8220; video_opts=&#8220;&#8220; video_poster=&#8220;&#8220; u_start_time=&#8220;&#8220; u_stop_time=&#8220;&#8220; viewport_vdo=&#8220;&#8220; enable_controls=&#8220;&#8220; bg_override=&#8220;&#8220; disable_on_mobile_img_parallax=&#8220;&#8220; parallax_content=&#8220;&#8220; parallax_content_sense=&#8220;&#8220; fadeout_row=&#8220;&#8220; fadeout_start_effect=&#8220;&#8220; enable_overlay=&#8220;&#8220; overlay_color=&#8220;&#8220; overlay_pattern=&#8220;&#8220; overlay_pattern_opacity=&#8220;&#8220; overlay_pattern_size=&#8220;&#8220; overlay_pattern_attachment=&#8220;&#8220; multi_color_overlay=&#8220;&#8220; multi_color_overlay_opacity=&#8220;&#8220; seperator_enable=&#8220;&#8220; seperator_type=&#8220;&#8220; seperator_position=&#8220;&#8220; seperator_shape_size=&#8220;&#8220; seperator_svg_height=&#8220;&#8220; seperator_shape_background=&#8220;&#8220; seperator_shape_border=&#8220;&#8220; seperator_shape_border_color=&#8220;&#8220; seperator_shape_border_width=&#8220;&#8220; icon_type=&#8220;&#8220; icon=&#8220;&#8220; icon_size=&#8220;&#8220; icon_color=&#8220;&#8220; icon_style=&#8220;&#8220; icon_color_bg=&#8220;&#8220; icon_border_style=&#8220;&#8220; icon_color_border=&#8220;&#8220; icon_border_size=&#8220;&#8220; icon_border_radius=&#8220;&#8220; icon_border_spacing=&#8220;&#8220; icon_img=&#8220;&#8220; img_width=&#8220;&#8220; ult_hide_row=&#8220;&#8220; ult_hide_row_large_screen=&#8220;&#8220; ult_hide_row_desktop=&#8220;&#8220; ult_hide_row_tablet=&#8220;&#8220; ult_hide_row_tablet_small=&#8220;&#8220; ult_hide_row_mobile=&#8220;&#8220; ult_hide_row_mobile_large=&#8220;&#8220;][vc_column width=&#8220;1\/1&#8243; animation=&#8220;&#8220;][vc_empty_space height=&#8220;16px&#8220;][\/vc_column][\/vc_row][vc_row margin_top=&#8220;0&#8243; margin_bottom=&#8220;0&#8243; full_width=&#8220;&#8220; padding_left=&#8220;0&#8243; padding_right=&#8220;0&#8243; animation=&#8220;&#8220; type=&#8220;&#8220; bg_color=&#8220;&#8220; bg_position=&#8220;top&#8220; bg_repeat=&#8220;no-repeat&#8220; bg_cover=&#8220;false&#8220; bg_attachment=&#8220;false&#8220; padding_top=&#8220;0&#8243; padding_bottom=&#8220;0&#8243; enable_parallax=&#8220;&#8220; parallax_speed=&#8220;0.1&#8243; bg_video_src_mp4=&#8220;&#8220; bg_video_src_ogv=&#8220;&#8220; bg_video_src_webm=&#8220;&#8220; bg_type=&#8220;&#8220; parallax_style=&#8220;&#8220; bg_image_new=&#8220;&#8220; layer_image=&#8220;&#8220; bg_image_repeat=&#8220;&#8220; bg_image_size=&#8220;&#8220; bg_cstm_size=&#8220;&#8220; bg_img_attach=&#8220;&#8220; parallax_sense=&#8220;&#8220; bg_image_posiiton=&#8220;&#8220; animation_direction=&#8220;&#8220; animation_repeat=&#8220;&#8220; video_url=&#8220;&#8220; video_url_2=&#8220;&#8220; u_video_url=&#8220;&#8220; video_opts=&#8220;&#8220; video_poster=&#8220;&#8220; u_start_time=&#8220;&#8220; u_stop_time=&#8220;&#8220; viewport_vdo=&#8220;&#8220; enable_controls=&#8220;&#8220; bg_override=&#8220;&#8220; disable_on_mobile_img_parallax=&#8220;&#8220; parallax_content=&#8220;&#8220; parallax_content_sense=&#8220;&#8220; fadeout_row=&#8220;&#8220; fadeout_start_effect=&#8220;&#8220; enable_overlay=&#8220;&#8220; overlay_color=&#8220;&#8220; overlay_pattern=&#8220;&#8220; overlay_pattern_opacity=&#8220;&#8220; overlay_pattern_size=&#8220;&#8220; overlay_pattern_attachment=&#8220;&#8220; multi_color_overlay=&#8220;&#8220; multi_color_overlay_opacity=&#8220;&#8220; seperator_enable=&#8220;&#8220; seperator_type=&#8220;&#8220; seperator_position=&#8220;&#8220; seperator_shape_size=&#8220;&#8220; seperator_svg_height=&#8220;&#8220; seperator_shape_background=&#8220;&#8220; seperator_shape_border=&#8220;&#8220; seperator_shape_border_color=&#8220;&#8220; seperator_shape_border_width=&#8220;&#8220; icon_type=&#8220;&#8220; icon=&#8220;&#8220; icon_size=&#8220;&#8220; icon_color=&#8220;&#8220; icon_style=&#8220;&#8220; icon_color_bg=&#8220;&#8220; icon_border_style=&#8220;&#8220; icon_color_border=&#8220;&#8220; icon_border_size=&#8220;&#8220; icon_border_radius=&#8220;&#8220; icon_border_spacing=&#8220;&#8220; icon_img=&#8220;&#8220; img_width=&#8220;&#8220; ult_hide_row=&#8220;&#8220; ult_hide_row_large_screen=&#8220;&#8220; ult_hide_row_desktop=&#8220;&#8220; ult_hide_row_tablet=&#8220;&#8220; ult_hide_row_tablet_small=&#8220;&#8220; ult_hide_row_mobile=&#8220;&#8220; ult_hide_row_mobile_large=&#8220;&#8220;][vc_column width=&#8220;1\/1&#8243; animation=&#8220;&#8220;][vc_column_text]<span class=\"text1\">Achtung: Nicht jedes Antibiotikum wirkt bei jeder bakteriellen Infektion! Keine Selbsttherapie ohne Verschreibung durch einen Arzt!<\/span><\/p>\n<p><b>Allgemeine Ratschl\u00e4ge<\/b><br \/>\nBei Fieber: Bettruhe!<\/p>\n<p><b>Seltene Komplikationen<\/b><br \/>\nBei Kindern erfordert die Ausbreitung der Infektion in den Knochen (<b>Knocheneiterung<\/b>) mit R\u00f6tung und Schwellung hinter dem Ohr (Mastoiditis) eine<br \/>\nsofortige Behandlung in einer HNO-Abteilung eines Krankenhauses mit Antibiotikainfusionen und eventuell n\u00f6tiger operativer Entlastung!<br \/>\nGanz selten ist die Ausbreitung der Infektion in Richtung Gehirn m\u00f6glich, die darauffolgende Gehirnhautentz\u00fcndung oder Absze\u00dfbildung kann lebensbedrohend sein!!<\/p>\n<p><b>Bei Beteiligung des Innenohres<\/b> mit Schwindel oder starkem H\u00f6rverlust ist eine station\u00e4re Aufnahme mir durchblutungsf\u00f6rdernder Infusionstherapie n\u00f6tig.[\/vc_column_text][\/vc_column][\/vc_row]<\/p>\n","protected":false},"excerpt":{"rendered":"<p>[vc_row margin_top=&#8220;0&#8243; margin_bottom=&#8220;0&#8243; full_width=&#8220;&#8220; padding_left=&#8220;0&#8243; padding_right=&#8220;0&#8243; animation=&#8220;&#8220; type=&#8220;&#8220; bg_color=&#8220;&#8220; bg_position=&#8220;top&#8220; bg_repeat=&#8220;no-repeat&#8220; bg_cover=&#8220;false&#8220; bg_attachment=&#8220;false&#8220; padding_top=&#8220;0&#8243; padding_bottom=&#8220;0&#8243; enable_parallax=&#8220;&#8220; parallax_speed=&#8220;0.1&#8243; bg_video_src_mp4=&#8220;&#8220; bg_video_src_ogv=&#8220;&#8220; bg_video_src_webm=&#8220;&#8220; bg_type=&#8220;&#8220; parallax_style=&#8220;&#8220; bg_image_new=&#8220;&#8220; layer_image=&#8220;&#8220; bg_image_repeat=&#8220;&#8220; bg_image_size=&#8220;&#8220; bg_cstm_size=&#8220;&#8220; bg_img_attach=&#8220;&#8220; parallax_sense=&#8220;&#8220; bg_image_posiiton=&#8220;&#8220; animation_direction=&#8220;&#8220; animation_repeat=&#8220;&#8220; video_url=&#8220;&#8220; video_url_2=&#8220;&#8220; u_video_url=&#8220;&#8220; video_opts=&#8220;&#8220; video_poster=&#8220;&#8220; u_start_time=&#8220;&#8220; u_stop_time=&#8220;&#8220; viewport_vdo=&#8220;&#8220; enable_controls=&#8220;&#8220; bg_override=&#8220;&#8220; disable_on_mobile_img_parallax=&#8220;&#8220; parallax_content=&#8220;&#8220; parallax_content_sense=&#8220;&#8220; fadeout_row=&#8220;&#8220; fadeout_start_effect=&#8220;&#8220; enable_overlay=&#8220;&#8220; overlay_color=&#8220;&#8220; overlay_pattern=&#8220;&#8220; overlay_pattern_opacity=&#8220;&#8220; overlay_pattern_size=&#8220;&#8220; overlay_pattern_attachment=&#8220;&#8220; multi_color_overlay=&#8220;&#8220; multi_color_overlay_opacity=&#8220;&#8220;&hellip;<\/p>\n","protected":false},"author":1,"featured_media":0,"parent":35585,"menu_order":0,"comment_status":"closed","ping_status":"closed","template":"","meta":[],"_links":{"self":[{"href":"https:\/\/hno-arzt.at\/index.php\/wp-json\/wp\/v2\/pages\/35869"}],"collection":[{"href":"https:\/\/hno-arzt.at\/index.php\/wp-json\/wp\/v2\/pages"}],"about":[{"href":"https:\/\/hno-arzt.at\/index.php\/wp-json\/wp\/v2\/types\/page"}],"author":[{"embeddable":true,"href":"https:\/\/hno-arzt.at\/index.php\/wp-json\/wp\/v2\/users\/1"}],"replies":[{"embeddable":true,"href":"https:\/\/hno-arzt.at\/index.php\/wp-json\/wp\/v2\/comments?post=35869"}],"version-history":[{"count":3,"href":"https:\/\/hno-arzt.at\/index.php\/wp-json\/wp\/v2\/pages\/35869\/revisions"}],"predecessor-version":[{"id":35871,"href":"https:\/\/hno-arzt.at\/index.php\/wp-json\/wp\/v2\/pages\/35869\/revisions\/35871"}],"up":[{"embeddable":true,"href":"https:\/\/hno-arzt.at\/index.php\/wp-json\/wp\/v2\/pages\/35585"}],"wp:attachment":[{"href":"https:\/\/hno-arzt.at\/index.php\/wp-json\/wp\/v2\/media?parent=35869"}],"curies":[{"name":"wp","href":"https:\/\/api.w.org\/{rel}","templated":true}]}}